{"id":14,"date":"2019-01-23T06:31:06","date_gmt":"2019-01-23T06:31:06","guid":{"rendered":"http:\/\/clubesiriolibanesdoparana.com.br\/?page_id=14"},"modified":"2026-05-07T00:47:04","modified_gmt":"2026-05-07T03:47:04","slug":"home","status":"publish","type":"page","link":"https:\/\/clubesiriolibanesdoparana.com.br\/","title":{"rendered":"Home"},"content":{"rendered":"\t\t<div data-elementor-type=\"wp-post\" data-elementor-id=\"14\" class=\"elementor elementor-14\" data-elementor-settings=\"[]\">\n\t\t\t<div class=\"elementor-inner\">\n\t\t\t\t<div class=\"elementor-section-wrap\">\n\t\t\t\t\t\t\t<section class=\"elementor-element elementor-element-71cfa1c elementor-section-height-min-height elementor-section-content-middle elementor-section-boxed elementor-section-height-default elementor-section-items-middle elementor-section elementor-top-section\" data-id=\"71cfa1c\" data-element_type=\"section\" data-settings=\"{&quot;background_background&quot;:&quot;classic&quot;}\">\n\t\t\t\t\t\t\t<div class=\"elementor-background-overlay\"><\/div>\n\t\t\t\t\t\t\t<div class=\"elementor-container elementor-column-gap-default\">\n\t\t\t\t<div class=\"elementor-row\">\n\t\t\t\t<div class=\"elementor-element elementor-element-f1ccad9 elementor-column elementor-col-100 elementor-top-column\" data-id=\"f1ccad9\" data-element_type=\"column\">\n\t\t\t<div class=\"elementor-column-wrap  elementor-element-populated\">\n\t\t\t\t\t<div class=\"elementor-widget-wrap\">\n\t\t\t\t<div class=\"elementor-element elementor-element-70ce187 elementor-widget elementor-widget-image\" data-id=\"70ce187\" data-element_type=\"widget\" data-widget_type=\"image.default\">\n\t\t\t\t<div class=\"elementor-widget-container\">\n\t\t\t\t\t<div class=\"elementor-image\">\n\t\t\t\t\t\t\t\t\t\t<img loading=\"lazy\" decoding=\"async\" width=\"177\" height=\"223\" src=\"https:\/\/clubesiriolibanesdoparana.com.br\/wp-content\/uploads\/2020\/04\/LOGO_FT_Gw.png\" class=\"attachment-full size-full\" alt=\"logo\" srcset=\"https:\/\/clubesiriolibanesdoparana.com.br\/wp-content\/uploads\/2020\/04\/LOGO_FT_Gw.png 177w, https:\/\/clubesiriolibanesdoparana.com.br\/wp-content\/uploads\/2020\/04\/LOGO_FT_Gw-60x76.png 60w\" sizes=\"(max-width: 177px) 100vw, 177px\" \/>\t\t\t\t\t\t\t\t\t\t\t<\/div>\n\t\t\t\t<\/div>\n\t\t\t\t<\/div>\n\t\t\t\t<div class=\"elementor-element elementor-element-783115ad elementor-widget elementor-widget-heading\" data-id=\"783115ad\" data-element_type=\"widget\" data-widget_type=\"heading.default\">\n\t\t\t\t<div class=\"elementor-widget-container\">\n\t\t\t<h4 class=\"elementor-heading-title elementor-size-default\">Bem vindo ao Clube S\u00edrio Liban\u00eas do Paran\u00e1<\/h4>\t\t<\/div>\n\t\t\t\t<\/div>\n\t\t\t\t<div class=\"elementor-element elementor-element-7d48005a elementor-widget elementor-widget-heading\" data-id=\"7d48005a\" data-element_type=\"widget\" data-widget_type=\"heading.default\">\n\t\t\t\t<div class=\"elementor-widget-container\">\n\t\t\t<h2 class=\"elementor-heading-title elementor-size-default\">Um ambiente maravilhoso para passar belos momentos com a fam\u00edlia<\/h2>\t\t<\/div>\n\t\t\t\t<\/div>\n\t\t\t\t\t\t<\/div>\n\t\t\t<\/div>\n\t\t<\/div>\n\t\t\t\t\t\t<\/div>\n\t\t\t<\/div>\n\t\t<\/section>\n\t\t\t\t<section class=\"elementor-element elementor-element-d920bc6 elementor-section-boxed elementor-section-height-default elementor-section-height-default elementor-section elementor-top-section\" data-id=\"d920bc6\" data-element_type=\"section\">\n\t\t\t\t\t\t<div class=\"elementor-container elementor-column-gap-default\">\n\t\t\t\t<div class=\"elementor-row\">\n\t\t\t\t<div class=\"elementor-element elementor-element-f374e39 elementor-column elementor-col-100 elementor-top-column\" data-id=\"f374e39\" data-element_type=\"column\" data-settings=\"{&quot;background_background&quot;:&quot;classic&quot;}\">\n\t\t\t<div class=\"elementor-column-wrap  elementor-element-populated\">\n\t\t\t\t\t<div class=\"elementor-widget-wrap\">\n\t\t\t\t<div class=\"elementor-element elementor-element-70203a2 elementor-widget elementor-widget-heading\" data-id=\"70203a2\" data-element_type=\"widget\" data-widget_type=\"heading.default\">\n\t\t\t\t<div class=\"elementor-widget-container\">\n\t\t\t<h3 class=\"elementor-heading-title elementor-size-default\"><a href=\"https:\/\/clubesiriolibanesdoparana.com.br\/?page_id=1203\">TEMPORADA DE VER\u00c3O 2025\/2026 ENCERRADA:<br>\nO per\u00edodo de funcionamento das piscinas na temporada 2025\/2026 est\u00e1 encerrado.\nAs piscinas devem ser reabertas em Novembro\/2026 para a temporada 2026\/2027.<br>S\u00f3cios Ver\u00e3o dentro do per\u00edodo de validade da aquisi\u00e7\u00e3o poder\u00e3o continuar usufruindo dos demais equipamentos, como quadras de futev\u00f4lei\/beachtennis, futebol, sauna e churrasqueiras at\u00e9 o t\u00e9rmino da validade da aquisi\u00e7\u00e3o.\nAgradecemos a todos que estiveram conosco nesta temporada!<\/a><\/h3>\t\t<\/div>\n\t\t\t\t<\/div>\n\t\t\t\t\t\t<\/div>\n\t\t\t<\/div>\n\t\t<\/div>\n\t\t\t\t\t\t<\/div>\n\t\t\t<\/div>\n\t\t<\/section>\n\t\t\t\t<section class=\"elementor-element elementor-element-e0ee4c4 elementor-section-boxed elementor-section-height-default elementor-section-height-default elementor-section elementor-top-section\" data-id=\"e0ee4c4\" data-element_type=\"section\" data-settings=\"{&quot;background_background&quot;:&quot;gradient&quot;}\">\n\t\t\t\t\t\t<div class=\"elementor-container elementor-column-gap-default\">\n\t\t\t\t<div class=\"elementor-row\">\n\t\t\t\t<div class=\"elementor-element elementor-element-c196fbd elementor-column elementor-col-50 elementor-top-column\" data-id=\"c196fbd\" data-element_type=\"column\" data-settings=\"{&quot;background_background&quot;:&quot;classic&quot;}\">\n\t\t\t<div class=\"elementor-column-wrap  elementor-element-populated\">\n\t\t\t\t\t\t\t<div class=\"elementor-background-overlay\"><\/div>\n\t\t\t\t\t<div class=\"elementor-widget-wrap\">\n\t\t\t\t<div class=\"elementor-element elementor-element-88d058a elementor-widget elementor-widget-heading\" data-id=\"88d058a\" data-element_type=\"widget\" data-widget_type=\"heading.default\">\n\t\t\t\t<div class=\"elementor-widget-container\">\n\t\t\t<h3 class=\"elementor-heading-title elementor-size-default\"><a href=\"#\">Venha para o S\u00edrio<\/a><\/h3>\t\t<\/div>\n\t\t\t\t<\/div>\n\t\t\t\t<div class=\"elementor-element elementor-element-185daea elementor-widget elementor-widget-text-editor\" data-id=\"185daea\" data-element_type=\"widget\" data-widget_type=\"text-editor.default\">\n\t\t\t\t<div class=\"elementor-widget-container\">\n\t\t\t\t\t<div class=\"elementor-text-editor elementor-clearfix\"><p>Torne-se s\u00f3cio contribuinte e aproveite todas as nossas instala\u00e7\u00f5es por apenas R$200,00 mensais.<br \/>A taxa de ades\u00e3o \u00e9 no valor de R$1.200,00 e pode ser parcelada em at\u00e9 10x no cart\u00e3o de cr\u00e9dito sujeito a acr\u00e9scimos.<\/p><\/div>\n\t\t\t\t<\/div>\n\t\t\t\t<\/div>\n\t\t\t\t<div class=\"elementor-element elementor-element-452337a elementor-mobile-align-left elementor-widget elementor-widget-button\" data-id=\"452337a\" data-element_type=\"widget\" data-widget_type=\"button.default\">\n\t\t\t\t<div class=\"elementor-widget-container\">\n\t\t\t\t\t<div class=\"elementor-button-wrapper\">\n\t\t\t<a href=\"?page_id=1040\" class=\"elementor-button-link elementor-button elementor-size-md\" role=\"button\">\n\t\t\t\t\t\t<span class=\"elementor-button-content-wrapper\">\n\t\t\t\t\t\t<span class=\"elementor-button-text\">mais informa\u00e7\u00f5es<\/span>\n\t\t<\/span>\n\t\t\t\t\t<\/a>\n\t\t<\/div>\n\t\t\t\t<\/div>\n\t\t\t\t<\/div>\n\t\t\t\t\t\t<\/div>\n\t\t\t<\/div>\n\t\t<\/div>\n\t\t\t\t<div class=\"elementor-element elementor-element-2e3ffc5 elementor-column elementor-col-50 elementor-top-column\" data-id=\"2e3ffc5\" data-element_type=\"column\" data-settings=\"{&quot;background_background&quot;:&quot;classic&quot;}\">\n\t\t\t<div class=\"elementor-column-wrap  elementor-element-populated\">\n\t\t\t\t\t\t\t<div class=\"elementor-background-overlay\"><\/div>\n\t\t\t\t\t<div class=\"elementor-widget-wrap\">\n\t\t\t\t<div class=\"elementor-element elementor-element-729dc43 elementor-widget elementor-widget-heading\" data-id=\"729dc43\" data-element_type=\"widget\" data-widget_type=\"heading.default\">\n\t\t\t\t<div class=\"elementor-widget-container\">\n\t\t\t<h3 class=\"elementor-heading-title elementor-size-default\"><a href=\"#\">Pagamento de Mensalidades<\/a><\/h3>\t\t<\/div>\n\t\t\t\t<\/div>\n\t\t\t\t<div class=\"elementor-element elementor-element-9dc3b31 elementor-mobile-align-left elementor-widget elementor-widget-button\" data-id=\"9dc3b31\" data-element_type=\"widget\" data-widget_type=\"button.default\">\n\t\t\t\t<div class=\"elementor-widget-container\">\n\t\t\t\t\t<div class=\"elementor-button-wrapper\">\n\t\t\t<a href=\"#\" class=\"elementor-button-link elementor-button elementor-size-md\" role=\"button\">\n\t\t\t\t\t\t<span class=\"elementor-button-content-wrapper\">\n\t\t\t\t\t\t<span class=\"elementor-button-text\">Pagamentos<\/span>\n\t\t<\/span>\n\t\t\t\t\t<\/a>\n\t\t<\/div>\n\t\t\t\t<\/div>\n\t\t\t\t<\/div>\n\t\t\t\t\t\t<\/div>\n\t\t\t<\/div>\n\t\t<\/div>\n\t\t\t\t\t\t<\/div>\n\t\t\t<\/div>\n\t\t<\/section>\n\t\t\t\t<section class=\"elementor-element elementor-element-41e8433 elementor-section-content-middle elementor-section-boxed elementor-section-height-default elementor-section-height-default elementor-section elementor-top-section\" data-id=\"41e8433\" data-element_type=\"section\" data-settings=\"{&quot;background_background&quot;:&quot;classic&quot;}\">\n\t\t\t\t\t\t\t<div class=\"elementor-background-overlay\"><\/div>\n\t\t\t\t\t\t\t<div class=\"elementor-container elementor-column-gap-no\">\n\t\t\t\t<div class=\"elementor-row\">\n\t\t\t\t<div class=\"elementor-element elementor-element-1c27ab7 elementor-column elementor-col-50 elementor-top-column\" data-id=\"1c27ab7\" data-element_type=\"column\">\n\t\t\t<div class=\"elementor-column-wrap  elementor-element-populated\">\n\t\t\t\t\t<div class=\"elementor-widget-wrap\">\n\t\t\t\t<div class=\"elementor-element elementor-element-5433741 elementor-widget elementor-widget-heading\" data-id=\"5433741\" data-element_type=\"widget\" data-widget_type=\"heading.default\">\n\t\t\t\t<div class=\"elementor-widget-container\">\n\t\t\t<h3 class=\"elementor-heading-title elementor-size-default\">Pagamento autom\u00e1tico<\/h3>\t\t<\/div>\n\t\t\t\t<\/div>\n\t\t\t\t<div class=\"elementor-element elementor-element-32a254f elementor-widget elementor-widget-text-editor\" data-id=\"32a254f\" data-element_type=\"widget\" data-widget_type=\"text-editor.default\">\n\t\t\t\t<div class=\"elementor-widget-container\">\n\t\t\t\t\t<div class=\"elementor-text-editor elementor-clearfix\"><p>Prezados s\u00f3cios, aqui voc\u00ea pode cadastrar o seu cart\u00e3o de cr\u00e9dito para cobran\u00e7a autom\u00e1tica mensal da manuten\u00e7\u00e3o do seu t\u00edtulo, muito mais facilidade para voc\u00ea.<\/p><\/div>\n\t\t\t\t<\/div>\n\t\t\t\t<\/div>\n\t\t\t\t\t\t<\/div>\n\t\t\t<\/div>\n\t\t<\/div>\n\t\t\t\t<div class=\"elementor-element elementor-element-35c2aca elementor-column elementor-col-50 elementor-top-column\" data-id=\"35c2aca\" data-element_type=\"column\">\n\t\t\t<div class=\"elementor-column-wrap  elementor-element-populated\">\n\t\t\t\t\t<div class=\"elementor-widget-wrap\">\n\t\t\t\t<div class=\"elementor-element elementor-element-3e2b27b elementor-widget elementor-widget-shortcode\" data-id=\"3e2b27b\" data-element_type=\"widget\" data-widget_type=\"shortcode.default\">\n\t\t\t\t<div class=\"elementor-widget-container\">\n\t\t\t\t\t<div class=\"elementor-shortcode\"><a href=\"https:\/\/www.mercadopago.com.br\/subscriptions\/checkout?preapproval_plan_id=2c938084929566050192c1a448cb0e36\" name=\"MP-payButton\" class='blue-ar-l-rn-none'>Assinar Cobran\u00e7a Autom\u00e1tica<\/a>\n<script type=\"text\/javascript\">\n   (function() {\n      function $MPC_load() {\n         window.$MPC_loaded !== true && (function() {\n         var s = document.createElement(\"script\");\n         s.type = \"text\/javascript\";\n         s.async = true;\n         s.src = document.location.protocol + \"\/\/secure.mlstatic.com\/mptools\/render.js\";\n         var x = document.getElementsByTagName('script')[0];\n         x.parentNode.insertBefore(s, x);\n         window.$MPC_loaded = true;\n      })();\n   }\n   window.$MPC_loaded !== true ? (window.attachEvent ? window.attachEvent('onload', $MPC_load) : window.addEventListener('load', $MPC_load, false)) : null;\n   })();\n  \/*\n        \/\/ to receive event with message when closing modal from congrants back to site\n        function $MPC_message(event) {\n          \/\/ onclose modal ->CALLBACK FUNCTION\n         \/\/ !!!!!!!!FUNCTION_CALLBACK HERE Received message: {event.data} preapproval_id !!!!!!!!\n        }\n        window.$MPC_loaded !== true ? (window.addEventListener(\"message\", $MPC_message)) : null; \n        *\/\n<\/script><\/div>\n\t\t\t\t<\/div>\n\t\t\t\t<\/div>\n\t\t\t\t\t\t<\/div>\n\t\t\t<\/div>\n\t\t<\/div>\n\t\t\t\t\t\t<\/div>\n\t\t\t<\/div>\n\t\t<\/section>\n\t\t\t\t<section class=\"elementor-element elementor-element-b4aa082 elementor-section-boxed elementor-section-height-default elementor-section-height-default elementor-section elementor-top-section\" data-id=\"b4aa082\" data-element_type=\"section\">\n\t\t\t\t\t\t<div class=\"elementor-container elementor-column-gap-default\">\n\t\t\t\t<div class=\"elementor-row\">\n\t\t\t\t<div class=\"elementor-element elementor-element-31ca95f elementor-column elementor-col-100 elementor-top-column\" data-id=\"31ca95f\" data-element_type=\"column\">\n\t\t\t<div class=\"elementor-column-wrap  elementor-element-populated\">\n\t\t\t\t\t<div class=\"elementor-widget-wrap\">\n\t\t\t\t<div class=\"elementor-element elementor-element-8bfcb01 elementor-widget elementor-widget-sidebar\" data-id=\"8bfcb01\" data-element_type=\"widget\" data-widget_type=\"sidebar.default\">\n\t\t\t\t<div class=\"elementor-widget-container\">\n\t\t\t<aside id=\"search-2\" class=\"widget widget_search\"><form role=\"search\" method=\"get\" class=\"search-form\" action=\"https:\/\/clubesiriolibanesdoparana.com.br\/\">\n\t\t\t\t<label>\n\t\t\t\t\t<span class=\"screen-reader-text\">Pesquisar por:<\/span>\n\t\t\t\t\t<input type=\"search\" class=\"search-field\" placeholder=\"Pesquisar &hellip;\" value=\"\" name=\"s\" \/>\n\t\t\t\t<\/label>\n\t\t\t\t<input type=\"submit\" class=\"search-submit\" value=\"Pesquisar\" \/>\n\t\t\t<\/form><\/aside>\n\t\t<aside id=\"recent-posts-2\" class=\"widget widget_recent_entries\">\n\t\t<h2 class=\"widget-title\">Posts recentes<\/h2>\n\t\t<ul>\n\t\t\t\t\t\t\t\t\t\t\t<li>\n\t\t\t\t\t<a href=\"https:\/\/clubesiriolibanesdoparana.com.br\/?p=5742\">Consulta de Protocolos &#8211; Novo Recurso Lan\u00e7ado<\/a>\n\t\t\t\t\t\t\t\t\t<\/li>\n\t\t\t\t\t\t\t\t\t\t\t<li>\n\t\t\t\t\t<a href=\"https:\/\/clubesiriolibanesdoparana.com.br\/?p=5733\">Comunicado sobre as Elei\u00e7\u00f5es 2025<\/a>\n\t\t\t\t\t\t\t\t\t<\/li>\n\t\t\t\t\t\t\t\t\t\t\t<li>\n\t\t\t\t\t<a href=\"https:\/\/clubesiriolibanesdoparana.com.br\/?p=5731\">Edital 01\/2025 &#8211; Convoca\u00e7\u00e3o Para Assembleia Geral (Elei\u00e7\u00f5es 2025)<\/a>\n\t\t\t\t\t\t\t\t\t<\/li>\n\t\t\t\t\t\t\t\t\t\t\t<li>\n\t\t\t\t\t<a href=\"https:\/\/clubesiriolibanesdoparana.com.br\/?p=1283\">Temporada 2024\/2025<\/a>\n\t\t\t\t\t\t\t\t\t<\/li>\n\t\t\t\t\t\t\t\t\t\t\t<li>\n\t\t\t\t\t<a href=\"https:\/\/clubesiriolibanesdoparana.com.br\/?p=1277\">Altera\u00e7\u00e3o nas formas de pagamento<\/a>\n\t\t\t\t\t\t\t\t\t<\/li>\n\t\t\t\t\t<\/ul>\n\n\t\t<\/aside><aside id=\"recent-comments-2\" class=\"widget widget_recent_comments\"><h2 class=\"widget-title\">Coment\u00e1rios<\/h2><ul id=\"recentcomments\"><li class=\"recentcomments\"><span class=\"comment-author-link\"><a href=\"https:\/\/clubesiriolibanesdoparana.com.br\/?p=5733\" class=\"url\" rel=\"ugc\">Comunicado sobre as Elei\u00e7\u00f5es 2025 &#8211; Clube S\u00edrio Liban\u00eas do Paran\u00e1<\/a><\/span> em <a href=\"https:\/\/clubesiriolibanesdoparana.com.br\/?p=5731#comment-827\">Edital 01\/2025 &#8211; Convoca\u00e7\u00e3o Para Assembleia Geral (Elei\u00e7\u00f5es 2025)<\/a><\/li><\/ul><\/aside><aside id=\"archives-2\" class=\"widget widget_archive\"><h2 class=\"widget-title\">Arquivos<\/h2>\n\t\t\t<ul>\n\t\t\t\t\t<li><a href='https:\/\/clubesiriolibanesdoparana.com.br\/?m=202511'>novembro 2025<\/a><\/li>\n\t<li><a href='https:\/\/clubesiriolibanesdoparana.com.br\/?m=202411'>novembro 2024<\/a><\/li>\n\t<li><a href='https:\/\/clubesiriolibanesdoparana.com.br\/?m=202410'>outubro 2024<\/a><\/li>\n\t<li><a href='https:\/\/clubesiriolibanesdoparana.com.br\/?m=202408'>agosto 2024<\/a><\/li>\n\t<li><a href='https:\/\/clubesiriolibanesdoparana.com.br\/?m=202402'>fevereiro 2024<\/a><\/li>\n\t\t\t<\/ul>\n\n\t\t\t<\/aside><aside id=\"categories-2\" class=\"widget widget_categories\"><h2 class=\"widget-title\">Categorias<\/h2>\n\t\t\t<ul>\n\t\t\t\t\t<li class=\"cat-item cat-item-1834\"><a href=\"https:\/\/clubesiriolibanesdoparana.com.br\/?cat=1834\">Editais<\/a>\n<\/li>\n\t<li class=\"cat-item cat-item-1835\"><a href=\"https:\/\/clubesiriolibanesdoparana.com.br\/?cat=1835\">Elei\u00e7\u00f5es 2025<\/a>\n<\/li>\n\t<li class=\"cat-item cat-item-1\"><a href=\"https:\/\/clubesiriolibanesdoparana.com.br\/?cat=1\">Uncategorized<\/a>\n<\/li>\n\t\t\t<\/ul>\n\n\t\t\t<\/aside><aside id=\"meta-2\" class=\"widget widget_meta\"><h2 class=\"widget-title\">Meta<\/h2>\n\t\t<ul>\n\t\t\t<li><a href=\"https:\/\/clubesiriolibanesdoparana.com.br\/wp-login.php?action=register\">Cadastre-se<\/a><\/li>\t\t\t<li><a href=\"https:\/\/clubesiriolibanesdoparana.com.br\/wp-login.php\">Acessar<\/a><\/li>\n\t\t\t<li><a href=\"https:\/\/clubesiriolibanesdoparana.com.br\/?feed=rss2\">Feed de posts<\/a><\/li>\n\t\t\t<li><a href=\"https:\/\/clubesiriolibanesdoparana.com.br\/?feed=comments-rss2\">Feed de coment\u00e1rios<\/a><\/li>\n\n\t\t\t<li><a href=\"https:\/\/br.wordpress.org\/\">WordPress.org<\/a><\/li>\n\t\t<\/ul>\n\n\t\t<\/aside>\t\t<\/div>\n\t\t\t\t<\/div>\n\t\t\t\t\t\t<\/div>\n\t\t\t<\/div>\n\t\t<\/div>\n\t\t\t\t\t\t<\/div>\n\t\t\t<\/div>\n\t\t<\/section>\n\t\t\t\t\t\t<\/div>\n\t\t\t<\/div>\n\t\t<\/div>\n\t\t","protected":false},"excerpt":{"rendered":"<p>Bem vindo ao Clube S\u00edrio Liban\u00eas do Paran\u00e1 Um ambiente maravilhoso para passar belos momentos com a fam\u00edlia TEMPORADA DE VER\u00c3O 2025\/2026 ENCERRADA: O per\u00edodo de funcionamento das piscinas na temporada 2025\/2026 est\u00e1 encerrado. As piscinas devem ser reabertas em Novembro\/2026 para a temporada 2026\/2027.S\u00f3cios Ver\u00e3o dentro do per\u00edodo de validade da aquisi\u00e7\u00e3o poder\u00e3o continuar &hellip;<\/p>\n<p class=\"read-more\"> <a class=\"\" href=\"https:\/\/clubesiriolibanesdoparana.com.br\/\"> <span class=\"screen-reader-text\">Home<\/span> Leia mais &raquo;<\/a><\/p>\n","protected":false},"author":1,"featured_media":0,"parent":0,"menu_order":0,"comment_status":"closed","ping_status":"closed","template":"","meta":{"footnotes":""},"_links":{"self":[{"href":"https:\/\/clubesiriolibanesdoparana.com.br\/index.php?rest_route=\/wp\/v2\/pages\/14"}],"collection":[{"href":"https:\/\/clubesiriolibanesdoparana.com.br\/index.php?rest_route=\/wp\/v2\/pages"}],"about":[{"href":"https:\/\/clubesiriolibanesdoparana.com.br\/index.php?rest_route=\/wp\/v2\/types\/page"}],"author":[{"embeddable":true,"href":"https:\/\/clubesiriolibanesdoparana.com.br\/index.php?rest_route=\/wp\/v2\/users\/1"}],"replies":[{"embeddable":true,"href":"https:\/\/clubesiriolibanesdoparana.com.br\/index.php?rest_route=%2Fwp%2Fv2%2Fcomments&post=14"}],"version-history":[{"count":47,"href":"https:\/\/clubesiriolibanesdoparana.com.br\/index.php?rest_route=\/wp\/v2\/pages\/14\/revisions"}],"predecessor-version":[{"id":5747,"href":"https:\/\/clubesiriolibanesdoparana.com.br\/index.php?rest_route=\/wp\/v2\/pages\/14\/revisions\/5747"}],"wp:attachment":[{"href":"https:\/\/clubesiriolibanesdoparana.com.br\/index.php?rest_route=%2Fwp%2Fv2%2Fmedia&parent=14"}],"curies":[{"name":"wp","href":"https:\/\/api.w.org\/{rel}","templated":true}]}}