{"id":1203,"date":"2023-11-11T23:30:20","date_gmt":"2023-11-12T02:30:20","guid":{"rendered":"https:\/\/clubesiriolibanesdoparana.com.br\/?page_id=1203"},"modified":"2023-12-03T10:45:15","modified_gmt":"2023-12-03T13:45:15","slug":"temporada-2023-2024","status":"publish","type":"page","link":"https:\/\/clubesiriolibanesdoparana.com.br\/?page_id=1203","title":{"rendered":"Temporada 2023\/2024"},"content":{"rendered":"\t\t<div data-elementor-type=\"wp-page\" data-elementor-id=\"1203\" class=\"elementor elementor-1203\" data-elementor-settings=\"[]\">\n\t\t\t<div class=\"elementor-inner\">\n\t\t\t\t<div class=\"elementor-section-wrap\">\n\t\t\t\t\t\t\t<section class=\"elementor-element elementor-element-f663ced elementor-section-boxed elementor-section-height-default elementor-section-height-default elementor-section elementor-top-section\" data-id=\"f663ced\" data-element_type=\"section\">\n\t\t\t\t\t\t<div class=\"elementor-container elementor-column-gap-default\">\n\t\t\t\t<div class=\"elementor-row\">\n\t\t\t\t<div class=\"elementor-element elementor-element-6870a30 elementor-column elementor-col-100 elementor-top-column\" data-id=\"6870a30\" data-element_type=\"column\">\n\t\t\t<div class=\"elementor-column-wrap  elementor-element-populated\">\n\t\t\t\t\t<div class=\"elementor-widget-wrap\">\n\t\t\t\t<div class=\"elementor-element elementor-element-f02094d elementor-widget elementor-widget-heading\" data-id=\"f02094d\" data-element_type=\"widget\" data-widget_type=\"heading.default\">\n\t\t\t\t<div class=\"elementor-widget-container\">\n\t\t\t<h2 class=\"elementor-heading-title elementor-size-default\">Temporada 2023\/2024<\/h2>\t\t<\/div>\n\t\t\t\t<\/div>\n\t\t\t\t\t\t<\/div>\n\t\t\t<\/div>\n\t\t<\/div>\n\t\t\t\t\t\t<\/div>\n\t\t\t<\/div>\n\t\t<\/section>\n\t\t\t\t<section class=\"elementor-element elementor-element-0e7c1e1 elementor-section-boxed elementor-section-height-default elementor-section-height-default elementor-section elementor-top-section\" data-id=\"0e7c1e1\" data-element_type=\"section\">\n\t\t\t\t\t\t<div class=\"elementor-container elementor-column-gap-default\">\n\t\t\t\t<div class=\"elementor-row\">\n\t\t\t\t<div class=\"elementor-element elementor-element-14f18c2 elementor-column elementor-col-100 elementor-top-column\" data-id=\"14f18c2\" data-element_type=\"column\">\n\t\t\t<div class=\"elementor-column-wrap  elementor-element-populated\">\n\t\t\t\t\t<div class=\"elementor-widget-wrap\">\n\t\t\t\t<div class=\"elementor-element elementor-element-cb4737a elementor-widget elementor-widget-text-editor\" data-id=\"cb4737a\" data-element_type=\"widget\" data-widget_type=\"text-editor.default\">\n\t\t\t\t<div class=\"elementor-widget-container\">\n\t\t\t\t\t<div class=\"elementor-text-editor elementor-clearfix\"><p>O Clube S\u00edrio Liban\u00eas do Paran\u00e1 abriu seu parque aqu\u00e1tico para a temporada 2023\/2024.<br \/>Para ter acesso \u00e0s piscinas \u00e9 necess\u00e1rio ser s\u00f3cio ou dependente de s\u00f3cio, estar em dia com as mensalidades e realizar o exame m\u00e9dico, com taxa de R$20,00 v\u00e1lido por toda a temporada.<\/p><p>Quem ainda n\u00e3o \u00e9 s\u00f3cio pode adquirir um t\u00edtulo tempor\u00e1rio, pelo valor de R$980,00 que permite ao titular e aos seus dependentes o acesso ao Clube, \u00e0s piscinas e \u00e0s churrasqueiras durante toda a temporada, sem a necessidade do pagamento de mensalidades adicionais.\u00a0<\/p><p>Os s\u00f3cios poder\u00e3o levar, al\u00e9m dos seus dependentes, convidados, os quais ter\u00e3o acesso \u00e0s piscinas mediante pagamento de taxa. Antes de levar convidados \u00e9 necess\u00e1rio comunicar \u00e0 portaria e verificar a disponibilidade, pois o acesso \u00e9 limitado a 50 convidados por dia.<\/p><p>N\u00e3o existe a possibilidade de pagamento avulso para uso das piscinas por n\u00e3o s\u00f3cios, o conhecido &#8220;DAY USE&#8221;.<\/p><\/div>\n\t\t\t\t<\/div>\n\t\t\t\t<\/div>\n\t\t\t\t\t\t<\/div>\n\t\t\t<\/div>\n\t\t<\/div>\n\t\t\t\t\t\t<\/div>\n\t\t\t<\/div>\n\t\t<\/section>\n\t\t\t\t<section class=\"elementor-element elementor-element-ebd7143 elementor-section-boxed elementor-section-height-default elementor-section-height-default elementor-section elementor-top-section\" data-id=\"ebd7143\" data-element_type=\"section\">\n\t\t\t\t\t\t<div class=\"elementor-container elementor-column-gap-default\">\n\t\t\t\t<div class=\"elementor-row\">\n\t\t\t\t<div class=\"elementor-element elementor-element-1395aa4 elementor-column elementor-col-100 elementor-top-column\" data-id=\"1395aa4\" data-element_type=\"column\">\n\t\t\t<div class=\"elementor-column-wrap  elementor-element-populated\">\n\t\t\t\t\t<div class=\"elementor-widget-wrap\">\n\t\t\t\t<div class=\"elementor-element elementor-element-dd86e84 elementor-widget elementor-widget-image\" data-id=\"dd86e84\" data-element_type=\"widget\" data-widget_type=\"image.default\">\n\t\t\t\t<div class=\"elementor-widget-container\">\n\t\t\t\t\t<div class=\"elementor-image\">\n\t\t\t\t\t\t\t\t\t\t<img loading=\"lazy\" decoding=\"async\" width=\"600\" height=\"667\" src=\"https:\/\/clubesiriolibanesdoparana.com.br\/wp-content\/uploads\/2023\/12\/Tarifas-2023.fw_-1.png\" class=\"attachment-large size-large\" alt=\"\" srcset=\"https:\/\/clubesiriolibanesdoparana.com.br\/wp-content\/uploads\/2023\/12\/Tarifas-2023.fw_-1.png 600w, https:\/\/clubesiriolibanesdoparana.com.br\/wp-content\/uploads\/2023\/12\/Tarifas-2023.fw_-1-270x300.png 270w\" sizes=\"(max-width: 600px) 100vw, 600px\" \/>\t\t\t\t\t\t\t\t\t\t\t<\/div>\n\t\t\t\t<\/div>\n\t\t\t\t<\/div>\n\t\t\t\t\t\t<\/div>\n\t\t\t<\/div>\n\t\t<\/div>\n\t\t\t\t\t\t<\/div>\n\t\t\t<\/div>\n\t\t<\/section>\n\t\t\t\t\t\t<\/div>\n\t\t\t<\/div>\n\t\t<\/div>\n\t\t","protected":false},"excerpt":{"rendered":"<p>Temporada 2023\/2024 O Clube S\u00edrio Liban\u00eas do Paran\u00e1 abriu seu parque aqu\u00e1tico para a temporada 2023\/2024.Para ter acesso \u00e0s piscinas \u00e9 necess\u00e1rio ser s\u00f3cio ou dependente de s\u00f3cio, estar em dia com as mensalidades e realizar o exame m\u00e9dico, com taxa de R$20,00 v\u00e1lido por toda a temporada. Quem ainda n\u00e3o \u00e9 s\u00f3cio pode adquirir &hellip;<\/p>\n<p class=\"read-more\"> <a class=\"\" href=\"https:\/\/clubesiriolibanesdoparana.com.br\/?page_id=1203\"> <span class=\"screen-reader-text\">Temporada 2023\/2024<\/span> Leia mais &raquo;<\/a><\/p>\n","protected":false},"author":1,"featured_media":0,"parent":0,"menu_order":0,"comment_status":"closed","ping_status":"closed","template":"","meta":{"footnotes":""},"_links":{"self":[{"href":"https:\/\/clubesiriolibanesdoparana.com.br\/index.php?rest_route=\/wp\/v2\/pages\/1203"}],"collection":[{"href":"https:\/\/clubesiriolibanesdoparana.com.br\/index.php?rest_route=\/wp\/v2\/pages"}],"about":[{"href":"https:\/\/clubesiriolibanesdoparana.com.br\/index.php?rest_route=\/wp\/v2\/types\/page"}],"author":[{"embeddable":true,"href":"https:\/\/clubesiriolibanesdoparana.com.br\/index.php?rest_route=\/wp\/v2\/users\/1"}],"replies":[{"embeddable":true,"href":"https:\/\/clubesiriolibanesdoparana.com.br\/index.php?rest_route=%2Fwp%2Fv2%2Fcomments&post=1203"}],"version-history":[{"count":5,"href":"https:\/\/clubesiriolibanesdoparana.com.br\/index.php?rest_route=\/wp\/v2\/pages\/1203\/revisions"}],"predecessor-version":[{"id":1227,"href":"https:\/\/clubesiriolibanesdoparana.com.br\/index.php?rest_route=\/wp\/v2\/pages\/1203\/revisions\/1227"}],"wp:attachment":[{"href":"https:\/\/clubesiriolibanesdoparana.com.br\/index.php?rest_route=%2Fwp%2Fv2%2Fmedia&parent=1203"}],"curies":[{"name":"wp","href":"https:\/\/api.w.org\/{rel}","templated":true}]}}